{"id":334751751,"date":"2024-05-27T15:20:27","date_gmt":"2024-05-27T09:50:27","guid":{"rendered":"https:\/\/dev.smackcoders.com\/product\/administrador-de-bibliotecas-de-medios-aio-wp"},"modified":"2024-08-16T15:34:56","modified_gmt":"2024-08-16T10:04:56","slug":"administrador-de-bibliotecas-de-medios-aio-wp","status":"publish","type":"product","link":"https:\/\/dev.smackcoders.com\/es\/administrador-de-bibliotecas-de-medios-aio-wp.html","title":{"rendered":"Administrador de bibliotecas de medios AIO WP"},"content":{"rendered":"<p>&nbsp;<\/p>\n<p>El All In One Media Library Manager es un complemento robusto que permite a los usuarios organizar archivos multimedia con funciones sencillas de arrastrar y soltar y carpetas ilimitadas. Este complemento garantiza un flujo de trabajo m\u00e1s fluido pero eficiente en todos los aspectos de su trabajo, como blogs, fotograf\u00eda o ejecuci\u00f3n de un sitio web de comercio electr\u00f3nico, etc\u00e9tera. Administre eficazmente sus im\u00e1genes, videos, PDF y documentos con su interfaz de usuario f\u00e1cil de usar que funciona con los creadores de p\u00e1ginas populares.<br \/>\n<span style=\"font-weight: 400;\">Con AIO WP Media Library Manager, mantenga sus archivos organizados y acceda f\u00e1cilmente a cualquier archivo.<\/span><\/p>\n<ul>\n<li style=\"font-weight: 400;\" aria-level=\"1\"><b>Arrastrar y soltar archivos de forma sencilla<\/b><span style=\"font-weight: 400;\"> para organizar de manera eficiente su biblioteca multimedia<\/span><\/li>\n<li style=\"font-weight: 400;\" aria-level=\"1\"><b>Las carpetas ilimitadas ayudan a clasificar f\u00e1cilmente<\/b><span style=\"font-weight: 400;\"> de sus archivos multimedia. es decir, puede crear tantas carpetas y subcarpetas como desee.<\/span><\/li>\n<li style=\"font-weight: 400;\" aria-level=\"1\"><b>Temas de carpetas personalizadas<\/b><span style=\"font-weight: 400;\"> para que coincida con su marca y flujo de trabajo<\/span><\/li>\n<li style=\"font-weight: 400;\" aria-level=\"1\"><b>Bloques Guttenberg incorporados<\/b><span style=\"font-weight: 400;\"> Para mostrar medios de carpetas espec\u00edficas<\/span><\/li>\n<li style=\"font-weight: 400;\" aria-level=\"1\"><b>Integraci\u00f3n efectiva con el creador de p\u00e1ginas<\/b><span style=\"font-weight: 400;\"> para administrar carpetas de medios directamente dentro de la p\u00e1gina popular<\/span><\/li>\n<li style=\"font-weight: 400;\" aria-level=\"1\"><b>Carga masiva de varios archivos<\/b><span style=\"font-weight: 400;\"> y organizarlos de manera eficiente en carpetas<\/span><\/li>\n<li style=\"font-weight: 400;\" aria-level=\"1\"><b>Vistas flexibles<\/b><span style=\"font-weight: 400;\"> entre la lista y la miniatura ordena de forma inteligente los archivos como quieras.<\/span><\/li>\n<li style=\"font-weight: 400;\" aria-level=\"1\"><b>Barras laterales personalizables<\/b><span style=\"font-weight: 400;\"> para adaptar el tama\u00f1o de la barra lateral a tu espacio de trabajo.<\/span><\/li>\n<li style=\"font-weight: 400;\" aria-level=\"1\"><b>Filtrado avanzado<\/b><span style=\"font-weight: 400;\"> y categorizaci\u00f3n para varias carpetas<\/span><\/li>\n<\/ul>\n","protected":false},"excerpt":{"rendered":"<p>&nbsp; El All In One Media Library Manager es un complemento robusto que permite a los usuarios organizar archivos multimedia con funciones sencillas de arrastrar y soltar y carpetas ilimitadas. Este complemento garantiza un flujo de trabajo m\u00e1s fluido pero eficiente en todos los aspectos de su trabajo, como blogs, fotograf\u00eda o ejecuci\u00f3n de un [&hellip;]<\/p>\n","protected":false},"featured_media":334751318,"comment_status":"closed","ping_status":"closed","template":"","meta":{"_acf_changed":false},"product_brand":[],"product_cat":[2696],"product_tag":[],"class_list":{"0":"post-334751751","1":"product","2":"type-product","3":"status-publish","4":"has-post-thumbnail","6":"product_cat-wordpress-pro-es","8":"first","9":"instock","10":"downloadable","11":"virtual","12":"purchasable","13":"product-type-simple"},"acf":[],"_links":{"self":[{"href":"https:\/\/dev.smackcoders.com\/es\/wp-json\/wp\/v2\/product\/334751751","targetHints":{"allow":["GET"]}}],"collection":[{"href":"https:\/\/dev.smackcoders.com\/es\/wp-json\/wp\/v2\/product"}],"about":[{"href":"https:\/\/dev.smackcoders.com\/es\/wp-json\/wp\/v2\/types\/product"}],"replies":[{"embeddable":true,"href":"https:\/\/dev.smackcoders.com\/es\/wp-json\/wp\/v2\/comments?post=334751751"}],"version-history":[{"count":2,"href":"https:\/\/dev.smackcoders.com\/es\/wp-json\/wp\/v2\/product\/334751751\/revisions"}],"predecessor-version":[{"id":334752765,"href":"https:\/\/dev.smackcoders.com\/es\/wp-json\/wp\/v2\/product\/334751751\/revisions\/334752765"}],"wp:featuredmedia":[{"embeddable":true,"href":"https:\/\/dev.smackcoders.com\/es\/wp-json\/wp\/v2\/media\/334751318"}],"wp:attachment":[{"href":"https:\/\/dev.smackcoders.com\/es\/wp-json\/wp\/v2\/media?parent=334751751"}],"wp:term":[{"taxonomy":"product_brand","embeddable":true,"href":"https:\/\/dev.smackcoders.com\/es\/wp-json\/wp\/v2\/product_brand?post=334751751"},{"taxonomy":"product_cat","embeddable":true,"href":"https:\/\/dev.smackcoders.com\/es\/wp-json\/wp\/v2\/product_cat?post=334751751"},{"taxonomy":"product_tag","embeddable":true,"href":"https:\/\/dev.smackcoders.com\/es\/wp-json\/wp\/v2\/product_tag?post=334751751"}],"curies":[{"name":"wp","href":"https:\/\/api.w.org\/{rel}","templated":true}]}}